{"id":3093,"date":"2018-06-07T08:44:59","date_gmt":"2018-06-07T08:44:59","guid":{"rendered":"http:\/\/foehnplatten.ch\/?page_id=3093"},"modified":"2023-08-31T19:59:26","modified_gmt":"2023-08-31T19:59:26","slug":"datenschutzerklaerung","status":"publish","type":"page","link":"https:\/\/foehnplatten.ch\/wp\/wir-ueber-uns\/datenschutzerklaerung\/","title":{"rendered":"Impressum &#038; Datenschutz"},"content":{"rendered":"<div data-colibri-id=\"3093-c1\" class=\"style-1024 style-local-3093-c1 position-relative\">\n  <!---->\n  <div data-colibri-component=\"section\" data-colibri-id=\"3093-c2\" id=\"custom\" class=\"h-section h-section-global-spacing d-flex align-items-lg-center align-items-md-center align-items-center style-1035 style-local-3093-c2 position-relative\">\n    <!---->\n    <!---->\n    <div class=\"h-section-grid-container h-section-boxed-container\">\n      <!---->\n      <div data-colibri-id=\"3093-c3\" class=\"h-row-container gutters-row-lg-2 gutters-row-md-2 gutters-row-0 gutters-row-v-lg-2 gutters-row-v-md-2 gutters-row-v-2 style-1036 style-local-3093-c3 position-relative\">\n        <!---->\n        <div class=\"h-row justify-content-lg-center justify-content-md-center justify-content-center align-items-lg-stretch align-items-md-stretch align-items-stretch gutters-col-lg-2 gutters-col-md-2 gutters-col-0 gutters-col-v-lg-2 gutters-col-v-md-2 gutters-col-v-2\">\n          <!---->\n          <div class=\"h-column h-column-container d-flex h-col-lg-auto h-col-md-auto h-col-auto style-1037-outer style-local-3093-c4-outer\">\n            <div data-colibri-id=\"3093-c4\" class=\"d-flex h-flex-basis h-column__inner h-px-lg-2 h-px-md-2 h-px-2 v-inner-lg-2 v-inner-md-2 v-inner-2 style-1037 style-local-3093-c4 position-relative\">\n              <!---->\n              <!---->\n              <div class=\"w-100 h-y-container h-column__content h-column__v-align flex-basis-100 align-self-lg-start align-self-md-start align-self-start\">\n                <!---->\n                <div data-colibri-id=\"3093-c5\" class=\"h-text h-text-component style-1038 style-local-3093-c5 position-relative h-element\">\n                  <!---->\n                  <!---->\n                  <div class=\"\">\n                    <h2>Impressum<\/h2>\n                    <p>Kontakt-Adresse: F\u00f6hn Platten AG, G\u00e4tzlistrasse 2, 6440 Brunnen, Schweiz, E-Mail: info@foehnplatten.ch\n                      <br>Vertretungsberechtigte Person(en): Adrian F\u00f6hn\n                      <br>Handelsregister-Eintrag, eingetragener Firmenname: F\u00f6hn Platten AG Handelsregister Nr: CHE-105.739.219\n                      <br>Mehrwertsteuer-Nummer: CHE-105.739.219 MwSt<\/p>\n                    <p>\n                      <br>\n                    <\/p>\n                    <h2>Haftungsausschluss<\/h2>\n                    <p>Der Autor \u00fcbernimmt keinerlei Gew\u00e4hr hinsichtlich der inhaltlichen Richtigkeit, Genauigkeit, Aktualit\u00e4t, Zuverl\u00e4ssigkeit und Vollst\u00e4ndigkeit der Informationen. Haftungsanspr\u00fcche gegen den Autor wegen Sch\u00e4den materieller oder immaterieller\n                      Art, welche aus dem Zugriff oder der Nutzung bzw. Nichtnutzung der ver\u00f6ffentlichten Informationen, durch Missbrauch der Verbindung oder durch technische St\u00f6rungen entstanden sind, werden ausgeschlossen.<\/p>\n                    <p>Alle Angebote sind unverbindlich. Der Autor beh\u00e4lt es sich ausdr\u00fccklich vor, Teile der Seiten oder das gesamte Angebot ohne besondere Ank\u00fcndigung zu ver\u00e4ndern, zu erg\u00e4nzen, zu l\u00f6schen oder die Ver\u00f6ffentlichung zeitweise oder endg\u00fcltig\n                      einzustellen.<\/p>\n                    <p>Haftungsausschluss f\u00fcr Links<\/p>\n                    <p>Verweise und Links auf Webseiten Dritter liegen ausserhalb unseres Verantwortungsbereichs. Es wird jegliche Verantwortung f\u00fcr solche Webseiten abgelehnt. Der Zugriff und die Nutzung solcher<\/p>\n                    <p>Webseiten erfolgen auf eigene Gefahr des jeweiligen Nutzers.<\/p>\n                    <p>\n                      <br>\n                    <\/p>\n                    <h2>Urheberrechte<\/h2>\n                    <p>Die Urheber- und alle anderen Rechte an Inhalten, Bildern, Fotos oder anderen Dateien auf dieser Website, geh\u00f6ren ausschliesslich der Firma F\u00f6hn Platten AG oder den speziell genannten Rechteinhabern. F\u00fcr die Reproduktion jeglicher\n                      Elemente ist die schriftliche Zustimmung des Urheberrechtstr\u00e4gers im Voraus einzuholen. Quelle: Imperessum-Generator von SwissAnwalt<\/p>\n                    <p>\n                      <br>\n                    <\/p>\n                    <h2>Datenschutzerkl\u00e4rung<\/h2>\n                    <p>Verantwortliche Stelle im Sinne der Datenschutzgesetze, insbesondere der EU-Datenschutzgrundverordnung (DSGVO), ist: F\u00f6hn Platten AG, Adrian F\u00f6hn, G\u00e4tzlistrasse 2, 6440 Brunnen, Telefon: 041 825 61 61, E-Mail: info@foehnplatten.ch,\n                      WebSite: https:\/\/www.foehnplatten.ch\/<\/p>\n                    <p>\n                      <br>\n                    <\/p>\n                    <h2>Wer wir sind<\/h2>\n                    <p>Die Adresse unserer Website ist: https:\/\/foehnplatten.ch\/wp.<\/p>\n                    <h2>Kommentare<\/h2>\n                    <p>Wenn Besucher Kommentare auf der Website schreiben, sammeln wir die Daten, die im Kommentar-Formular angezeigt werden, au\u00dferdem die IP-Adresse des Besuchers und den User-Agent-String (damit wird der Browser identifiziert), um die Erkennung\n                      von Spam zu unterst\u00fctzen.<\/p>\n                    <p>Aus deiner E-Mail-Adresse kann eine anonymisierte Zeichenfolge erstellt (auch Hash genannt) und dem Gravatar-Dienst \u00fcbergeben werden, um zu pr\u00fcfen, ob du diesen benutzt. Die Datenschutzerkl\u00e4rung des Gravatar-Dienstes findest du hier:\n                      https:\/\/automattic.com\/privacy\/. Nachdem dein Kommentar freigegeben wurde, ist dein Profilbild \u00f6ffentlich im Kontext deines Kommentars sichtbar.<\/p>\n                    <h2>Medien<\/h2>\n                    <p>Wenn du ein registrierter Benutzer bist und Fotos auf diese Website l\u00e4dst, solltest du vermeiden, Fotos mit einem EXIF-GPS-Standort hochzuladen. Besucher dieser Website k\u00f6nnten Fotos, die auf dieser Website gespeichert sind, herunterladen\n                      und deren Standort-Informationen extrahieren.<\/p>\n                    <h2>Cookies<\/h2>\n                    <p>Wenn du einen Kommentar auf unserer Website schreibst, kann das eine Einwilligung sein, deinen Namen, E-Mail-Adresse und Website in Cookies zu speichern. Dies ist eine Komfortfunktion, damit du nicht, wenn du einen weiteren Kommentar\n                      schreibst, all diese Daten erneut eingeben musst. Diese Cookies werden ein Jahr lang gespeichert.<\/p>\n                    <p>Falls du ein Konto hast und dich auf dieser Website anmeldest, werden wir ein tempor\u00e4res Cookie setzen, um festzustellen, ob dein Browser Cookies akzeptiert. Dieses Cookie enth\u00e4lt keine personenbezogenen Daten und wird verworfen, wenn\n                      du deinen Browser schlie\u00dft.<\/p>\n                    <p>Wenn du dich anmeldest, werden wir einige Cookies einrichten, um deine Anmeldeinformationen und Anzeigeoptionen zu speichern. Anmelde-Cookies verfallen nach zwei Tagen und Cookies f\u00fcr die Anzeigeoptionen nach einem Jahr. Falls du bei\n                      der Anmeldung \u201eAngemeldet bleiben\u201c ausw\u00e4hlst, wird deine Anmeldung zwei Wochen lang aufrechterhalten. Mit der Abmeldung aus deinem Konto werden die Anmelde-Cookies gel\u00f6scht.<\/p>\n                    <p>Wenn du einen Artikel bearbeitest oder ver\u00f6ffentlichst, wird ein zus\u00e4tzlicher Cookie in deinem Browser gespeichert. Dieser Cookie enth\u00e4lt keine personenbezogenen Daten und verweist nur auf die Beitrags-ID des Artikels, den du gerade\n                      bearbeitet hast. Der Cookie verf\u00e4llt nach einem Tag.<\/p>\n                    <p><span style=\"font-weight: 400; font-size: 16px; font-family: &quot;Open Sans&quot;; color: rgb(37, 41, 42);\">Mit dem Nutzen dieser Website stimmst du m\u00f6glichen Cookies von Contact Form7, Google Fonts, Google Maps, WordPress Emojis sowie Youtube zu.&nbsp;<\/span><\/p>\n                    <h2>Eingebettete Inhalte von anderen Websites<\/h2>\n                    <p>Beitr\u00e4ge auf dieser Website k\u00f6nnen eingebettete Inhalte beinhalten (z.&nbsp;B. Videos, Bilder, Beitr\u00e4ge etc.). Eingebettete Inhalte von anderen Websites verhalten sich exakt so, als ob der Besucher die andere Website besucht h\u00e4tte.<\/p>\n                    <p>Diese Websites k\u00f6nnen Daten \u00fcber dich sammeln, Cookies benutzen, zus\u00e4tzliche Tracking-Dienste von Dritten einbetten und deine Interaktion mit diesem eingebetteten Inhalt aufzeichnen, inklusive deiner Interaktion mit dem eingebetteten\n                      Inhalt, falls du ein Konto hast und auf dieser Website angemeldet bist.<\/p>\n                    <p><span style=\"font-weight: 400; font-size: 16px; font-family: &quot;Open Sans&quot;; color: rgb(37, 41, 42);\">Mit dem Nutzen dieser Website stimmst du zu, dass m\u00f6glicherweise automatisierte Informationen \u00fcber dein genutztes Betriebssystem etc an folgende auf dieser Website verwendeten Tools gelangen, die wir als Inhaber nicht umgehen k\u00f6nnen: Contact Form7, Google Fonts, Google Maps, WordPress Emojis sowie Youtube.&nbsp;<\/span><\/p>\n                    <h2>Mit wem wir deine Daten teilen<\/h2>\n                    <p>Wenn du eine Zur\u00fccksetzung des Passworts beantragst, wird deine IP-Adresse in der E-Mail zur Zur\u00fccksetzung enthalten sein.<\/p>\n                    <h2>Wie lange wir deine Daten speichern<\/h2>\n                    <p>Wenn du einen Kommentar schreibst, wird dieser inklusive Metadaten zeitlich unbegrenzt gespeichert. Auf diese Art k\u00f6nnen wir Folgekommentare automatisch erkennen und freigeben, anstatt sie in einer Moderations-Warteschlange festzuhalten.<\/p>\n                    <p>F\u00fcr Benutzer, die sich auf unserer Website registrieren, speichern wir zus\u00e4tzlich die pers\u00f6nlichen Informationen, die sie in ihren Benutzerprofilen angeben. Alle Benutzer k\u00f6nnen jederzeit ihre pers\u00f6nlichen Informationen einsehen, ver\u00e4ndern\n                      oder l\u00f6schen (der Benutzername kann nicht ver\u00e4ndert werden). Administratoren der Website k\u00f6nnen diese Informationen ebenfalls einsehen und ver\u00e4ndern.<\/p>\n                    <h2>Welche Rechte du an deinen Daten hast<\/h2>\n                    <p>Wenn du ein Konto auf dieser Website besitzt oder Kommentare geschrieben hast, kannst du einen Export deiner personenbezogenen Daten bei uns anfordern, inklusive aller Daten, die du uns mitgeteilt hast. Dar\u00fcber hinaus kannst du die\n                      L\u00f6schung aller personenbezogenen Daten, die wir von dir gespeichert haben, anfordern. Dies umfasst nicht die Daten, die wir aufgrund administrativer, rechtlicher oder sicherheitsrelevanter Notwendigkeiten aufbewahren m\u00fcssen.<\/p>\n                    <h2>Wohin deine Daten gesendet werden<\/h2>\n                    <p>Besucher-Kommentare k\u00f6nnten von einem automatisierten Dienst zur Spam-Erkennung untersucht werden.<\/p>\n                    <p>\n                      <br>\n                    <\/p>\n                    <p>\n                      <br>\n                    <\/p>\n                  <\/div>\n                <\/div>\n              <\/div>\n            <\/div>\n          <\/div>\n        <\/div>\n      <\/div>\n    <\/div>\n  <\/div>\n  <div data-colibri-component=\"section\" data-colibri-id=\"3093-c6\" id=\"reusable-sections\" class=\"h-section h-section-global-spacing d-flex align-items-lg-center align-items-md-center align-items-center style-1029 style-local-3093-c6 position-relative\">\n    <div class=\"background-wrapper\">\n      <div class=\"background-layer background-layer-media-container-lg\">\n        <!---->\n        <div class=\"overlay-layer\">\n          <div class=\"overlay-image-layer\" style=\"background-color: rgb(255, 255, 255); opacity: 0.5;\"><\/div>\n        <\/div>\n      <\/div>\n      <div class=\"background-layer background-layer-media-container-md\">\n        <!---->\n        <div class=\"overlay-layer\">\n          <div class=\"overlay-image-layer\" style=\"background-color: rgb(255, 255, 255); opacity: 0.5;\"><\/div>\n        <\/div>\n      <\/div>\n      <div class=\"background-layer background-layer-media-container\">\n        <!---->\n        <div class=\"overlay-layer\">\n          <div class=\"overlay-image-layer\" style=\"background-color: rgb(255, 255, 255); opacity: 0.5;\"><\/div>\n        <\/div>\n      <\/div>\n    <\/div>\n    <!---->\n    <div class=\"h-section-grid-container h-section-boxed-container\">\n      <!---->\n      <div data-colibri-id=\"3093-c7\" class=\"h-row-container gutters-row-lg-2 gutters-row-md-2 gutters-row-0 gutters-row-v-lg-2 gutters-row-v-md-2 gutters-row-v-2 style-1030 style-local-3093-c7 position-relative\">\n        <!---->\n        <div class=\"h-row justify-content-lg-center justify-content-md-center justify-content-center align-items-lg-stretch align-items-md-stretch align-items-stretch gutters-col-lg-2 gutters-col-md-2 gutters-col-0 gutters-col-v-lg-2 gutters-col-v-md-2 gutters-col-v-2\">\n          <!---->\n          <div class=\"h-column h-column-container d-flex h-col-lg-auto h-col-md-auto h-col-auto style-1031-outer style-local-3093-c8-outer\">\n            <div data-colibri-id=\"3093-c8\" class=\"d-flex h-flex-basis h-column__inner h-px-lg-3 h-px-md-3 h-px-3 v-inner-lg-3 v-inner-md-3 v-inner-3 style-1031 style-local-3093-c8 position-relative\">\n              <!---->\n              <!---->\n              <div class=\"w-100 h-y-container h-column__content h-column__v-align flex-basis-100 align-self-lg-start align-self-md-start align-self-start\">\n                <!---->\n                <div data-colibri-id=\"3093-c9\" class=\"h-global-transition-all h-heading style-1032 style-local-3093-c9 position-relative h-element\">\n                  <!---->\n                  <div class=\"h-heading__outer style-1032 style-local-3093-c9\">\n                    <!---->\n                    <!---->\n                    <h2 class=\"\">Fragen? Nehmen Sie mit uns Kontakt auf.<\/h2>\n                  <\/div>\n                <\/div>\n                <div data-colibri-id=\"3093-c10\" class=\"h-x-container style-1033 style-local-3093-c10 position-relative h-element\">\n                  <!---->\n                  <div class=\"h-x-container-inner style-dynamic-3093-c10-group style-1033-spacing style-local-3093-c10-spacing\"><span class=\"h-button__outer style-1034-outer style-local-3093-c11-outer d-inline-flex h-element\"><a h-use-smooth-scroll=\"true\" href=\"https:\/\/foehnplatten.ch\/wp\/kontakt\/\"  data-colibri-id=\"3093-c11\" class=\"d-flex w-100 align-items-center h-button justify-content-lg-center justify-content-md-center justify-content-center style-1034 style-local-3093-c11 position-relative\"><!----><!----> <span>Kontakt<\/span><\/a>\n                    <\/span>\n                  <\/div>\n                <\/div>\n              <\/div>\n            <\/div>\n          <\/div>\n        <\/div>\n      <\/div>\n    <\/div>\n  <\/div>\n<\/div>","protected":false},"excerpt":{"rendered":"<p>Impressum Kontakt-Adresse: F\u00f6hn Platten AG, G\u00e4tzlistrasse 2, 6440 Brunnen, Schweiz, E-Mail: info@foehnplatten.ch Vertretungsberechtigte Person(en): Adrian F\u00f6hn Handelsregister-Eintrag, eingetragener Firmenname: F\u00f6hn Platten AG Handelsregister Nr: CHE-105.739.219 Mehrwertsteuer-Nummer: CHE-105.739.219 MwSt Haftungsausschluss Der Autor \u00fcbernimmt keinerlei Gew\u00e4hr hinsichtlich der inhaltlichen Richtigkeit, Genauigkeit, Aktualit\u00e4t, Zuverl\u00e4ssigkeit und Vollst\u00e4ndigkeit der Informationen. Haftungsanspr\u00fcche gegen den Autor wegen Sch\u00e4den materieller oder immaterieller Art, [&hellip;]<\/p>\n","protected":false},"author":1,"featured_media":0,"parent":6493,"menu_order":6,"comment_status":"closed","ping_status":"closed","template":"page-templates\/full-width-page.php","meta":{"footnotes":""},"class_list":["post-3093","page","type-page","status-publish","hentry"],"_links":{"self":[{"href":"https:\/\/foehnplatten.ch\/wp\/wp-json\/wp\/v2\/pages\/3093","targetHints":{"allow":["GET"]}}],"collection":[{"href":"https:\/\/foehnplatten.ch\/wp\/wp-json\/wp\/v2\/pages"}],"about":[{"href":"https:\/\/foehnplatten.ch\/wp\/wp-json\/wp\/v2\/types\/page"}],"author":[{"embeddable":true,"href":"https:\/\/foehnplatten.ch\/wp\/wp-json\/wp\/v2\/users\/1"}],"replies":[{"embeddable":true,"href":"https:\/\/foehnplatten.ch\/wp\/wp-json\/wp\/v2\/comments?post=3093"}],"version-history":[{"count":17,"href":"https:\/\/foehnplatten.ch\/wp\/wp-json\/wp\/v2\/pages\/3093\/revisions"}],"predecessor-version":[{"id":17296,"href":"https:\/\/foehnplatten.ch\/wp\/wp-json\/wp\/v2\/pages\/3093\/revisions\/17296"}],"up":[{"embeddable":true,"href":"https:\/\/foehnplatten.ch\/wp\/wp-json\/wp\/v2\/pages\/6493"}],"wp:attachment":[{"href":"https:\/\/foehnplatten.ch\/wp\/wp-json\/wp\/v2\/media?parent=3093"}],"curies":[{"name":"wp","href":"https:\/\/api.w.org\/{rel}","templated":true}]}}