{"id":862,"date":"2016-02-12T18:54:02","date_gmt":"2016-02-12T18:54:02","guid":{"rendered":"http:\/\/foehnplatten.ch\/wp\/?page_id=862"},"modified":"2024-01-30T18:39:52","modified_gmt":"2024-01-30T18:39:52","slug":"presse","status":"publish","type":"page","link":"https:\/\/foehnplatten.ch\/wp\/wir-ueber-uns\/presse\/","title":{"rendered":"Presse"},"content":{"rendered":"<div data-colibri-id=\"862-c1\" class=\"style-678 style-local-862-c1 position-relative\">\n  <!---->\n  <div data-colibri-component=\"section\" data-colibri-id=\"862-c2\" id=\"initial-content\" class=\"h-section h-section-global-spacing d-flex align-items-lg-center align-items-md-center align-items-center style-679 style-local-862-c2 position-relative\">\n    <!---->\n    <!---->\n    <div class=\"h-section-grid-container h-section-boxed-container\">\n      <!---->\n      <div data-colibri-id=\"862-c3\" class=\"h-row-container gutters-row-lg-2 gutters-row-md-2 gutters-row-0 gutters-row-v-lg-2 gutters-row-v-md-2 gutters-row-v-2 style-685 style-local-862-c3 position-relative\">\n        <!---->\n        <div class=\"h-row justify-content-lg-center justify-content-md-center justify-content-center align-items-lg-stretch align-items-md-stretch align-items-stretch gutters-col-lg-2 gutters-col-md-2 gutters-col-0 gutters-col-v-lg-2 gutters-col-v-md-2 gutters-col-v-2\">\n          <!---->\n          <div class=\"h-column h-column-container d-flex h-col-lg-auto h-col-md-auto h-col-auto style-686-outer style-local-862-c4-outer\">\n            <div data-colibri-id=\"862-c4\" class=\"d-flex h-flex-basis h-column__inner h-px-lg-2 h-px-md-2 h-px-2 v-inner-lg-2 v-inner-md-2 v-inner-2 style-686 style-local-862-c4 position-relative\">\n              <!---->\n              <!---->\n              <div class=\"w-100 h-y-container h-column__content h-column__v-align flex-basis-100 align-self-lg-start align-self-md-start align-self-start\">\n                <!---->\n                <div data-colibri-id=\"862-c5\" class=\"h-text h-text-component style-684 style-local-862-c5 position-relative h-element\">\n                  <!---->\n                  <!---->\n                  <div class=\"\">\n                    <p>Unser Logo f\u00fcr Gegenlink auf Ihrer Website&nbsp;&nbsp;(Grafik in h\u00f6herer Aufl\u00f6sung f\u00fcr andere Ver\u00f6ffentlichungen erhalten Sie auf Anfrage.)<\/p>\n                    <h5>&nbsp;<\/h5>\n                    <p><strong style=\"color: rgb(37, 41, 42); font-family: &quot;Open Sans&quot;; font-size: 16px;\">Publi-Report 2020&nbsp;&nbsp;<\/strong><span style=\"color: rgb(37, 41, 42); font-family: &quot;Open Sans&quot;; font-size: 16px; font-weight: 400;\">\t<\/span>\n                      <a href=\"https:\/\/foehnplatten.ch\/wp\/wp-content\/uploads\/2020\/07\/Publi-Report-20200304.pdf\" rel=\"nofollow noopener\" target=\"_blank\" style=\"color: rgb(23, 37, 42); font-family: &quot;Open Sans&quot;; font-size: 16px; font-weight: 400;\" class=\"customize-unpreviewable\">Bote-Inserat M\u00e4rz 2020 (106 KB)<\/a>\n                    <\/p>\n                    <p>\n                      <br>\n                    <\/p>\n                    <p><strong>Publi-Report 2016&nbsp;&nbsp;<\/strong>\n                      <a href=\"https:\/\/foehnplatten.ch\/wp\/wp-content\/uploads\/2016\/02\/2016_Publireport-Foehn-Platten.pdf\" rel=\"noopener\" target=\"_blank\" class=\"customize-unpreviewable\"> Bote-Inserat M\u00e4rz 2016 (5.3 MB)<\/a>\n                    <\/p>\n                    <p>&nbsp;<\/p>\n                    <p><strong>Publi-Report mit Bericht Weihnachtsfeier&nbsp;2015, Namens-Wechsel, Neujahrs-W\u00fcnschen&nbsp;<\/strong>\n                      <a href=\"https:\/\/foehnplatten.ch\/wp\/wp-content\/uploads\/2016\/02\/Bote_20151230.jpg\" rel=\"noopener\" target=\"_blank\" class=\"customize-unpreviewable\">\n                      Bote-Inserat 30.12.2015<\/a>\n                    <\/p>\n                    <p>&nbsp;<\/p>\n                    <p><strong>2015:&nbsp;&#8222;Windrose&#8220; auf der&nbsp;Rigi &#8211;&nbsp;&nbsp;Emei-Steins aus China feierlich eingeweiht&nbsp;<\/strong>\n                      <br>Das anspruchsvolle Plateau &#8222;Windrose&#8220;&nbsp;f\u00fcr den chinesischen EMEI Stein auf&nbsp;Rigi-Kulm wurde kompetent durchF\u00d6HN PLATTEN AG &#8211; Mitarbeitende&nbsp;mit&nbsp;Naturstein belegt.Im &#8222;Bote der Urschweiz&#8220; wurden daraufhin&nbsp;die\n                      Einweihungs-Feierlichkeiten bekanntgegeben.\n                      <a href=\"https:\/\/foehnplatten.ch\/wp\/wp-content\/uploads\/2016\/02\/Bote_201508_RIGI-Windrose_Emei_Stein_aus_Chi-1.pdf\" rel=\"noopener\" target=\"_blank\" class=\"customize-unpreviewable\">\n                        <br> Bote-Artikel 31.07.2015<\/a>\n                    <\/p>\n                    <p>\n                      <br>\n                    <\/p>\n                    <p><strong>Referenz-Bilder&nbsp;<\/strong>\n                      <a href=\"https:\/\/www.youtube.com\/embed\/5QKKbdC3Nho?rel=0&amp;controls=0&amp;showinfo=1\" rel=\"noopener\" target=\"_blank\" class=\"customize-unpreviewable\">&nbsp;Referenz-Bilder <\/a>\n                    <\/p>\n                    <p>&nbsp;<\/p>\n                    <p><strong>Plattenleger: ein&nbsp;gef\u00e4hrlicher Beruf&nbsp;&nbsp;&nbsp;&nbsp;&nbsp;&nbsp;&nbsp;&nbsp;&nbsp;&nbsp;&nbsp;&nbsp;oder: andere&nbsp;L\u00e4nder andere Sitten\/Qualit\u00e4t<\/strong>\n                      <br>Am&nbsp;20.02.2012 strahlte das Schweizer&nbsp;Fernsehen&nbsp;eine Folge von AUF UND DAVON aus. Hans-J\u00f6rg&nbsp;J\u00e4ger wanderte mit seiner Frau nach&nbsp;Thailand aus, um dort eine Seniorenresidenz zu bauen. Unter anderem&nbsp;wurden\n                      auch Plattenleger-Arbeiten vergeben und von Einheimischen ausgef\u00fchrt, das Ergebnis sehen Sie hier:&nbsp;\n                      <a href=\"https:\/\/foehnplatten.ch\/wp\/wp-content\/uploads\/2016\/02\/SF-Aufunddavon-20120120-Ausschnitt-Plattenleger.mov\" rel=\"noopener\" target=\"_blank\" class=\"customize-unpreviewable\"> Video-Ausschnitt SF Auf und Davon<\/a>\n                    <\/p>\n                    <p>M\u00f6chten&nbsp;Sie stattdessen lieber&nbsp;Qualit\u00e4ts-Arbeiten an&nbsp;Ihrem Objekt?\n                      <br>Unsere Empfehlung F\u00d6HN PLATTEN AG,&nbsp;Ihr zuverl\u00e4sslicher Partner f\u00fcr saubere Arbeit!\n                      <br>PS: wir&nbsp;lieben unser Leben! \ud83d\ude42<\/p>\n                    <p><strong>&nbsp;<\/strong><\/p>\n                    <p><strong>2011:&nbsp;40&nbsp;Jahre Beat&nbsp;F\u00f6hn AG&nbsp;<\/strong>\n                      <a href=\"https:\/\/foehnplatten.ch\/wp\/wp-content\/uploads\/2016\/02\/BF_PUBLIREPORT_420x200_2011.pdf\" rel=\"noopener\" target=\"_blank\" class=\"customize-unpreviewable\"> Publireport 2011<\/a>\n                    <\/p>\n                    <p><strong>&nbsp;<\/strong><\/p>\n                    <p><strong>2010: Schweiz&nbsp;aktuell:&nbsp;Interview&nbsp;mit Adrian&nbsp;F\u00f6hn&nbsp;<\/strong>\n                      <a href=\"http:\/\/www.videoportal.sf.tv\/video?id=4f038118-3cb1-4970-a3d8-550dae76270b%3BDCSext.zugang\" rel=\"noopener\" target=\"_blank\" class=\"customize-unpreviewable\">\n                      Schweiz aktuell: Thema:&nbsp;B\u00fcrokratie <\/a>\n                    <\/p>\n                    <p>&nbsp;<\/p>\n                    <p><strong>Berufbildung Uri&nbsp;<\/strong>\n                      <br>Bericht \u00fcber Michelle&nbsp;Bucher, Lernende&nbsp;Plattenlegerin (2. Lehrjahr)\n                      <a href=\"https:\/\/foehnplatten.ch\/wp\/wp-content\/uploads\/2016\/02\/Medienberichte_BerichtuberMichelleBucher.pdf\" rel=\"noopener\" target=\"_blank\" class=\"customize-unpreviewable\">\n                      Bericht \u00fcber Michelle Bucher<\/a>\n                    <\/p>\n                    <p>&nbsp;<\/p>\n                    <p><strong>Publireport im Bote&nbsp;der Urschweiz&nbsp;und Urner Wochenblatt<\/strong>\n                      <br>Am Samstag, 1. M\u00e4rz 08&nbsp;erschien der&nbsp;ganzseitige Publireport.\n                      <a href=\"https:\/\/foehnplatten.ch\/wp\/wp-content\/uploads\/2016\/02\/Publireport-M%C3%A4rz-2008.pdf\" rel=\"noopener\" target=\"_blank\" class=\"customize-unpreviewable\">\n                      Publireport 01.03.08<\/a>\n                    <\/p>\n                    <p>&nbsp;<\/p>\n                    <p>&nbsp;<\/p>\n                  <\/div>\n                <\/div>\n              <\/div>\n            <\/div>\n          <\/div>\n        <\/div>\n      <\/div>\n    <\/div>\n  <\/div>\n  <div data-colibri-component=\"section\" data-colibri-id=\"862-c6\" id=\"reusable-sections\" class=\"h-section h-section-global-spacing d-flex align-items-lg-center align-items-md-center align-items-center style-1018 style-local-862-c6 position-relative\">\n    <div class=\"background-wrapper\">\n      <div class=\"background-layer background-layer-media-container-lg\">\n        <!---->\n        <div class=\"overlay-layer\">\n          <div class=\"overlay-image-layer\" style=\"background-color: rgb(255, 255, 255); opacity: 0.5;\"><\/div>\n        <\/div>\n      <\/div>\n      <div class=\"background-layer background-layer-media-container-md\">\n        <!---->\n        <div class=\"overlay-layer\">\n          <div class=\"overlay-image-layer\" style=\"background-color: rgb(255, 255, 255); opacity: 0.5;\"><\/div>\n        <\/div>\n      <\/div>\n      <div class=\"background-layer background-layer-media-container\">\n        <!---->\n        <div class=\"overlay-layer\">\n          <div class=\"overlay-image-layer\" style=\"background-color: rgb(255, 255, 255); opacity: 0.5;\"><\/div>\n        <\/div>\n      <\/div>\n    <\/div>\n    <!---->\n    <div class=\"h-section-grid-container h-section-boxed-container\">\n      <!---->\n      <div data-colibri-id=\"862-c7\" class=\"h-row-container gutters-row-lg-2 gutters-row-md-2 gutters-row-0 gutters-row-v-lg-2 gutters-row-v-md-2 gutters-row-v-2 style-1019 style-local-862-c7 position-relative\">\n        <!---->\n        <div class=\"h-row justify-content-lg-center justify-content-md-center justify-content-center align-items-lg-stretch align-items-md-stretch align-items-stretch gutters-col-lg-2 gutters-col-md-2 gutters-col-0 gutters-col-v-lg-2 gutters-col-v-md-2 gutters-col-v-2\">\n          <!---->\n          <div class=\"h-column h-column-container d-flex h-col-lg-auto h-col-md-auto h-col-auto style-1020-outer style-local-862-c8-outer\">\n            <div data-colibri-id=\"862-c8\" class=\"d-flex h-flex-basis h-column__inner h-px-lg-3 h-px-md-3 h-px-3 v-inner-lg-3 v-inner-md-3 v-inner-3 style-1020 style-local-862-c8 position-relative\">\n              <!---->\n              <!---->\n              <div class=\"w-100 h-y-container h-column__content h-column__v-align flex-basis-100 align-self-lg-start align-self-md-start align-self-start\">\n                <!---->\n                <div data-colibri-id=\"862-c9\" class=\"h-global-transition-all h-heading style-1021 style-local-862-c9 position-relative h-element\">\n                  <!---->\n                  <div class=\"h-heading__outer style-1021 style-local-862-c9\">\n                    <!---->\n                    <!---->\n                    <h2 class=\"\">Fragen? Nehmen Sie mit uns Kontakt auf.<\/h2>\n                  <\/div>\n                <\/div>\n                <div data-colibri-id=\"862-c10\" class=\"h-x-container style-1022 style-local-862-c10 position-relative h-element\">\n                  <!---->\n                  <div class=\"h-x-container-inner style-dynamic-862-c10-group style-1022-spacing style-local-862-c10-spacing\"><span class=\"h-button__outer style-1023-outer style-local-862-c11-outer d-inline-flex h-element\"><a h-use-smooth-scroll=\"true\" href=\"https:\/\/foehnplatten.ch\/wp\/kontakt\/\"  data-colibri-id=\"862-c11\" class=\"d-flex w-100 align-items-center h-button justify-content-lg-center justify-content-md-center justify-content-center style-1023 style-local-862-c11 position-relative\"><!----><!----> <span>Kontakt<\/span><\/a>\n                    <\/span>\n                  <\/div>\n                <\/div>\n              <\/div>\n            <\/div>\n          <\/div>\n        <\/div>\n      <\/div>\n    <\/div>\n  <\/div>\n<\/div>","protected":false},"excerpt":{"rendered":"<p>Unser Logo f\u00fcr Gegenlink auf Ihrer Website&nbsp;&nbsp;(Grafik in h\u00f6herer Aufl\u00f6sung f\u00fcr andere Ver\u00f6ffentlichungen erhalten Sie auf Anfrage.) &nbsp; Publi-Report 2020&nbsp;&nbsp; Bote-Inserat M\u00e4rz 2020 (106 KB) Publi-Report 2016&nbsp;&nbsp; Bote-Inserat M\u00e4rz 2016 (5.3 MB) &nbsp; Publi-Report mit Bericht Weihnachtsfeier&nbsp;2015, Namens-Wechsel, Neujahrs-W\u00fcnschen&nbsp; Bote-Inserat 30.12.2015 &nbsp; 2015:&nbsp;&#8222;Windrose&#8220; auf der&nbsp;Rigi &#8211;&nbsp;&nbsp;Emei-Steins aus China feierlich eingeweiht&nbsp; Das anspruchsvolle Plateau &#8222;Windrose&#8220;&nbsp;f\u00fcr den [&hellip;]<\/p>\n","protected":false},"author":1,"featured_media":0,"parent":6493,"menu_order":5,"comment_status":"closed","ping_status":"closed","template":"page-templates\/full-width-page.php","meta":{"footnotes":""},"class_list":["post-862","page","type-page","status-publish","hentry"],"_links":{"self":[{"href":"https:\/\/foehnplatten.ch\/wp\/wp-json\/wp\/v2\/pages\/862","targetHints":{"allow":["GET"]}}],"collection":[{"href":"https:\/\/foehnplatten.ch\/wp\/wp-json\/wp\/v2\/pages"}],"about":[{"href":"https:\/\/foehnplatten.ch\/wp\/wp-json\/wp\/v2\/types\/page"}],"author":[{"embeddable":true,"href":"https:\/\/foehnplatten.ch\/wp\/wp-json\/wp\/v2\/users\/1"}],"replies":[{"embeddable":true,"href":"https:\/\/foehnplatten.ch\/wp\/wp-json\/wp\/v2\/comments?post=862"}],"version-history":[{"count":20,"href":"https:\/\/foehnplatten.ch\/wp\/wp-json\/wp\/v2\/pages\/862\/revisions"}],"predecessor-version":[{"id":17532,"href":"https:\/\/foehnplatten.ch\/wp\/wp-json\/wp\/v2\/pages\/862\/revisions\/17532"}],"up":[{"embeddable":true,"href":"https:\/\/foehnplatten.ch\/wp\/wp-json\/wp\/v2\/pages\/6493"}],"wp:attachment":[{"href":"https:\/\/foehnplatten.ch\/wp\/wp-json\/wp\/v2\/media?parent=862"}],"curies":[{"name":"wp","href":"https:\/\/api.w.org\/{rel}","templated":true}]}}